{"id":557,"date":"2017-01-26T17:53:46","date_gmt":"2017-01-26T16:53:46","guid":{"rendered":"http:\/\/www.affittacameresenigallia.it\/?page_id=557\/"},"modified":"2018-01-18T13:45:32","modified_gmt":"2018-01-18T12:45:32","slug":"chi-siamo","status":"publish","type":"page","link":"https:\/\/www.affittacameresenigallia.it\/de\/chi-siamo\/","title":{"rendered":"G\u00e4stehaus"},"content":{"rendered":"<p>Das G\u00e4stehaus Lanterna Blu in Marzocca liegt verkehrsg\u00fcnstig zwischen Senigallia im Norden und Montemarciano im S\u00fcden und ist nur wenige Schritte vom Meer entfernt. Bahnhof, Bushaltestelle sowie Einkaufsm\u00f6glichkeiten (Apotheke, Bank, Post, Supermarkt) befinden sich in unmittelbarer Umgebung.<\/p>\n<p>Das G\u00e4stehaus wurde als das \u00e4lteste Geb\u00e4ude in der kleinen K\u00fcstenstadt Marzocca 1925 errichtet und im Juni 2015 komplett saniert. So entstand in dem antiken Bauwerk mit stolzer Vergangenheit ein modernes und famili\u00e4res Ambiente, das einen ruhigen und entspannten Aufenthalt erm\u00f6glicht.<\/p>\n<p>Alle Zimmer sind absolut schalldicht und mit eigenem Badezimmer, Aircondition und WiFi ausgestattet.<\/p>\n<p>Das Geb\u00e4ude war Zeitzeuge des beginnenden Tourismus in Marzocca. In den 50er und 60er Jahren war es ein beliebter Szenetreff, sogar die Miss Italia Wahl fand dort einmal statt.<\/p>\n<p>In der Bar wurde das Original Freskengem\u00e4lde aus den 60ern von Gi\u00f2 Fiorenzi erhalten. In diesem Raum sind noch weitere Werke des aus Marzocca stammenden K\u00fcnstlers, der in ganz Italien bekannt ist, ausgestellt.<\/p>\n<p>Durch die N\u00e4he zu Senigallia eignet sich das G\u00e4stehaus Lanterna Blu sowohl f\u00fcr Gesch\u00e4ftsreisende, kleine Reisegruppen als auch f\u00fcr Individual-Urlauber (Strand, Trekking, Bike) und macht es zu einem optimalen Ausgangspunkt, um die Sch\u00f6nheit der Region Marche zu erkunden: wundersch\u00f6ne D\u00f6rfer, ganzj\u00e4hrige Folklorefeste, zahlreiche Museen, historische und kulturelle St\u00e4tten sowie \u00d6nogastronomie befinden sich ganz in der N\u00e4he des Hotels und warten auf Ihren Besuch.<\/p>\n<p>Diese Unterkunft ist f\u00fcr alle vier Jahreszeiten geeignet!<\/p>\n<p>Der ruhige naturbelassene Kieselstrand kann kostenlos besucht werden (Haustiere sind erlaubt) und wird regelm\u00e4\u00dfig gereinigt. Im Sommer sind die Strandh\u00e4user bewirtschaftet und laden zu Abendveranstaltungen ein.<\/p>\n<p>Im Fr\u00fchling und im Herbst bietet der Strand die v\u00f6llige Exklusivit\u00e4t der Faszination Meer.<\/p>\n<p>Von M\u00e4rz bis November verwandelt sich das Gebiet in ein Paradies f\u00fcr Kitesurfer und Wassersportler.<\/p>\n","protected":false},"excerpt":{"rendered":"<p>Das G\u00e4stehaus Lanterna Blu in Marzocca liegt verkehrsg\u00fcnstig zwischen Senigallia im Norden und Montemarciano im S\u00fcden und ist nur wenige Schritte vom Meer entfernt. Bahnhof, Bushaltestelle sowie Einkaufsm\u00f6glichkeiten (Apotheke, Bank, Post, Supermarkt) befinden sich in unmittelbarer Umgebung. Das G\u00e4stehaus wurde <a class=\"more-link\" href=\"https:\/\/www.affittacameresenigallia.it\/de\/chi-siamo\/\">Read More &#8230;<\/a><\/p>\n","protected":false},"author":1,"featured_media":32,"parent":0,"menu_order":0,"comment_status":"closed","ping_status":"closed","template":"","meta":[],"acf":[],"yoast_head":"<!-- This site is optimized with the Yoast SEO plugin v21.1 - https:\/\/yoast.com\/wordpress\/plugins\/seo\/ -->\n<title>G\u00e4stehaus - Lanterna Blu<\/title>\n<meta name=\"robots\" content=\"index, follow, max-snippet:-1, max-image-preview:large, max-video-preview:-1\" \/>\n<link rel=\"canonical\" href=\"https:\/\/www.affittacameresenigallia.it\/de\/chi-siamo\/\" \/>\n<meta property=\"og:locale\" content=\"de_DE\" \/>\n<meta property=\"og:type\" content=\"article\" \/>\n<meta property=\"og:title\" content=\"G\u00e4stehaus - Lanterna Blu\" \/>\n<meta property=\"og:description\" content=\"Das G\u00e4stehaus Lanterna Blu in Marzocca liegt verkehrsg\u00fcnstig zwischen Senigallia im Norden und Montemarciano im S\u00fcden und ist nur wenige Schritte vom Meer entfernt. Bahnhof, Bushaltestelle sowie Einkaufsm\u00f6glichkeiten (Apotheke, Bank, Post, Supermarkt) befinden sich in unmittelbarer Umgebung. Das G\u00e4stehaus wurde Read More ...\" \/>\n<meta property=\"og:url\" content=\"https:\/\/www.affittacameresenigallia.it\/de\/chi-siamo\/\" \/>\n<meta property=\"og:site_name\" content=\"Lanterna Blu\" \/>\n<meta property=\"article:modified_time\" content=\"2018-01-18T12:45:32+00:00\" \/>\n<meta property=\"og:image\" content=\"https:\/\/www.affittacameresenigallia.it\/wp-content\/uploads\/lanterna.jpg\" \/>\n\t<meta property=\"og:image:width\" content=\"1680\" \/>\n\t<meta property=\"og:image:height\" content=\"720\" \/>\n\t<meta property=\"og:image:type\" content=\"image\/jpeg\" \/>\n<meta name=\"twitter:label1\" content=\"Gesch\u00e4tzte Lesezeit\" \/>\n\t<meta name=\"twitter:data1\" content=\"2\u00a0Minuten\" \/>\n<script type=\"application\/ld+json\" class=\"yoast-schema-graph\">{\"@context\":\"https:\/\/schema.org\",\"@graph\":[{\"@type\":\"WebPage\",\"@id\":\"https:\/\/www.affittacameresenigallia.it\/de\/chi-siamo\/\",\"url\":\"https:\/\/www.affittacameresenigallia.it\/de\/chi-siamo\/\",\"name\":\"G\u00e4stehaus - Lanterna Blu\",\"isPartOf\":{\"@id\":\"https:\/\/www.affittacameresenigallia.it\/de\/#website\"},\"datePublished\":\"2017-01-26T16:53:46+00:00\",\"dateModified\":\"2018-01-18T12:45:32+00:00\",\"breadcrumb\":{\"@id\":\"https:\/\/www.affittacameresenigallia.it\/de\/chi-siamo\/#breadcrumb\"},\"inLanguage\":\"de\",\"potentialAction\":[{\"@type\":\"ReadAction\",\"target\":[\"https:\/\/www.affittacameresenigallia.it\/de\/chi-siamo\/\"]}]},{\"@type\":\"BreadcrumbList\",\"@id\":\"https:\/\/www.affittacameresenigallia.it\/de\/chi-siamo\/#breadcrumb\",\"itemListElement\":[{\"@type\":\"ListItem\",\"position\":1,\"name\":\"Home\",\"item\":\"https:\/\/www.affittacameresenigallia.it\/de\/\"},{\"@type\":\"ListItem\",\"position\":2,\"name\":\"G\u00e4stehaus\"}]},{\"@type\":\"WebSite\",\"@id\":\"https:\/\/www.affittacameresenigallia.it\/de\/#website\",\"url\":\"https:\/\/www.affittacameresenigallia.it\/de\/\",\"name\":\"Lanterna Blu\",\"description\":\"Affittacamere Marzocca di Senigallia\",\"publisher\":{\"@id\":\"https:\/\/www.affittacameresenigallia.it\/de\/#organization\"},\"potentialAction\":[{\"@type\":\"SearchAction\",\"target\":{\"@type\":\"EntryPoint\",\"urlTemplate\":\"https:\/\/www.affittacameresenigallia.it\/de\/?s={search_term_string}\"},\"query-input\":\"required name=search_term_string\"}],\"inLanguage\":\"de\"},{\"@type\":\"Organization\",\"@id\":\"https:\/\/www.affittacameresenigallia.it\/de\/#organization\",\"name\":\"lanterna Blu\",\"url\":\"https:\/\/www.affittacameresenigallia.it\/de\/\",\"logo\":{\"@type\":\"ImageObject\",\"inLanguage\":\"de\",\"@id\":\"https:\/\/www.affittacameresenigallia.it\/de\/#\/schema\/logo\/image\/\",\"url\":\"https:\/\/www.affittacameresenigallia.it\/wp-content\/uploads\/cropped-favicon.png\",\"contentUrl\":\"https:\/\/www.affittacameresenigallia.it\/wp-content\/uploads\/cropped-favicon.png\",\"width\":512,\"height\":512,\"caption\":\"lanterna Blu\"},\"image\":{\"@id\":\"https:\/\/www.affittacameresenigallia.it\/de\/#\/schema\/logo\/image\/\"},\"sameAs\":[\"https:\/\/www.instagram.com\/lanternablu_senigallia\/\"]}]}<\/script>\n<!-- \/ Yoast SEO plugin. -->","yoast_head_json":{"title":"G\u00e4stehaus - Lanterna Blu","robots":{"index":"index","follow":"follow","max-snippet":"max-snippet:-1","max-image-preview":"max-image-preview:large","max-video-preview":"max-video-preview:-1"},"canonical":"https:\/\/www.affittacameresenigallia.it\/de\/chi-siamo\/","og_locale":"de_DE","og_type":"article","og_title":"G\u00e4stehaus - Lanterna Blu","og_description":"Das G\u00e4stehaus Lanterna Blu in Marzocca liegt verkehrsg\u00fcnstig zwischen Senigallia im Norden und Montemarciano im S\u00fcden und ist nur wenige Schritte vom Meer entfernt. Bahnhof, Bushaltestelle sowie Einkaufsm\u00f6glichkeiten (Apotheke, Bank, Post, Supermarkt) befinden sich in unmittelbarer Umgebung. Das G\u00e4stehaus wurde Read More ...","og_url":"https:\/\/www.affittacameresenigallia.it\/de\/chi-siamo\/","og_site_name":"Lanterna Blu","article_modified_time":"2018-01-18T12:45:32+00:00","og_image":[{"width":1680,"height":720,"url":"https:\/\/www.affittacameresenigallia.it\/wp-content\/uploads\/lanterna.jpg","type":"image\/jpeg"}],"twitter_misc":{"Gesch\u00e4tzte Lesezeit":"2\u00a0Minuten"},"schema":{"@context":"https:\/\/schema.org","@graph":[{"@type":"WebPage","@id":"https:\/\/www.affittacameresenigallia.it\/de\/chi-siamo\/","url":"https:\/\/www.affittacameresenigallia.it\/de\/chi-siamo\/","name":"G\u00e4stehaus - Lanterna Blu","isPartOf":{"@id":"https:\/\/www.affittacameresenigallia.it\/de\/#website"},"datePublished":"2017-01-26T16:53:46+00:00","dateModified":"2018-01-18T12:45:32+00:00","breadcrumb":{"@id":"https:\/\/www.affittacameresenigallia.it\/de\/chi-siamo\/#breadcrumb"},"inLanguage":"de","potentialAction":[{"@type":"ReadAction","target":["https:\/\/www.affittacameresenigallia.it\/de\/chi-siamo\/"]}]},{"@type":"BreadcrumbList","@id":"https:\/\/www.affittacameresenigallia.it\/de\/chi-siamo\/#breadcrumb","itemListElement":[{"@type":"ListItem","position":1,"name":"Home","item":"https:\/\/www.affittacameresenigallia.it\/de\/"},{"@type":"ListItem","position":2,"name":"G\u00e4stehaus"}]},{"@type":"WebSite","@id":"https:\/\/www.affittacameresenigallia.it\/de\/#website","url":"https:\/\/www.affittacameresenigallia.it\/de\/","name":"Lanterna Blu","description":"Affittacamere Marzocca di Senigallia","publisher":{"@id":"https:\/\/www.affittacameresenigallia.it\/de\/#organization"},"potentialAction":[{"@type":"SearchAction","target":{"@type":"EntryPoint","urlTemplate":"https:\/\/www.affittacameresenigallia.it\/de\/?s={search_term_string}"},"query-input":"required name=search_term_string"}],"inLanguage":"de"},{"@type":"Organization","@id":"https:\/\/www.affittacameresenigallia.it\/de\/#organization","name":"lanterna Blu","url":"https:\/\/www.affittacameresenigallia.it\/de\/","logo":{"@type":"ImageObject","inLanguage":"de","@id":"https:\/\/www.affittacameresenigallia.it\/de\/#\/schema\/logo\/image\/","url":"https:\/\/www.affittacameresenigallia.it\/wp-content\/uploads\/cropped-favicon.png","contentUrl":"https:\/\/www.affittacameresenigallia.it\/wp-content\/uploads\/cropped-favicon.png","width":512,"height":512,"caption":"lanterna Blu"},"image":{"@id":"https:\/\/www.affittacameresenigallia.it\/de\/#\/schema\/logo\/image\/"},"sameAs":["https:\/\/www.instagram.com\/lanternablu_senigallia\/"]}]}},"_links":{"self":[{"href":"https:\/\/www.affittacameresenigallia.it\/de\/wp-json\/wp\/v2\/pages\/557"}],"collection":[{"href":"https:\/\/www.affittacameresenigallia.it\/de\/wp-json\/wp\/v2\/pages"}],"about":[{"href":"https:\/\/www.affittacameresenigallia.it\/de\/wp-json\/wp\/v2\/types\/page"}],"author":[{"embeddable":true,"href":"https:\/\/www.affittacameresenigallia.it\/de\/wp-json\/wp\/v2\/users\/1"}],"replies":[{"embeddable":true,"href":"https:\/\/www.affittacameresenigallia.it\/de\/wp-json\/wp\/v2\/comments?post=557"}],"version-history":[{"count":4,"href":"https:\/\/www.affittacameresenigallia.it\/de\/wp-json\/wp\/v2\/pages\/557\/revisions"}],"predecessor-version":[{"id":629,"href":"https:\/\/www.affittacameresenigallia.it\/de\/wp-json\/wp\/v2\/pages\/557\/revisions\/629"}],"wp:featuredmedia":[{"embeddable":true,"href":"https:\/\/www.affittacameresenigallia.it\/de\/wp-json\/wp\/v2\/media\/32"}],"wp:attachment":[{"href":"https:\/\/www.affittacameresenigallia.it\/de\/wp-json\/wp\/v2\/media?parent=557"}],"curies":[{"name":"wp","href":"https:\/\/api.w.org\/{rel}","templated":true}]}}