{"id":558,"date":"2017-02-01T13:59:31","date_gmt":"2017-02-01T12:59:31","guid":{"rendered":"http:\/\/www.affittacameresenigallia.it\/?page_id=558\/"},"modified":"2020-12-30T12:34:33","modified_gmt":"2020-12-30T11:34:33","slug":"kontakt","status":"publish","type":"page","link":"https:\/\/www.affittacameresenigallia.it\/de\/kontakt\/","title":{"rendered":"Kontakt"},"content":{"rendered":"<h3><\/h3>\n<h3><\/h3>\n<h3><\/h3>\n<h3>Kontaktieren Sie uns f\u00fcr Informationen und Reservierungen<\/h3>\n\n<div class=\"wpcf7 no-js\" id=\"wpcf7-f1623-o1\" lang=\"it-IT\" dir=\"ltr\">\n<div class=\"screen-reader-response\"><p role=\"status\" aria-live=\"polite\" aria-atomic=\"true\"><\/p> <ul><\/ul><\/div>\n<form action=\"\/de\/wp-json\/wp\/v2\/pages\/558#wpcf7-f1623-o1\" method=\"post\" class=\"wpcf7-form init\" aria-label=\"Modulo di contatto\" novalidate=\"novalidate\" data-status=\"init\">\n<div style=\"display: none;\">\n<input type=\"hidden\" name=\"_wpcf7\" value=\"1623\" \/>\n<input type=\"hidden\" name=\"_wpcf7_version\" value=\"5.7.3\" \/>\n<input type=\"hidden\" name=\"_wpcf7_locale\" value=\"it_IT\" \/>\n<input type=\"hidden\" name=\"_wpcf7_unit_tag\" value=\"wpcf7-f1623-o1\" \/>\n<input type=\"hidden\" name=\"_wpcf7_container_post\" value=\"0\" \/>\n<input type=\"hidden\" name=\"_wpcf7_posted_data_hash\" value=\"\" \/>\n<input type=\"hidden\" name=\"_wpcf7_recaptcha_response\" value=\"\" \/>\n<\/div>\n<div class=\"float50\">\n\t<div>\n\t\t<p><label>Vorname \/ Nachname*<\/label><span class=\"wpcf7-form-control-wrap\" data-name=\"your-name\"><input size=\"40\" class=\"wpcf7-form-control wpcf7-text wpcf7-validates-as-required\" aria-required=\"true\" aria-invalid=\"false\" value=\"\" type=\"text\" name=\"your-name\" \/><\/span>\n\t\t<\/p>\n\t<\/div>\n\t<div>\n\t\t<p><label>Email*<\/label><span class=\"wpcf7-form-control-wrap\" data-name=\"your-email\"><input size=\"40\" class=\"wpcf7-form-control wpcf7-text wpcf7-email wpcf7-validates-as-required wpcf7-validates-as-email\" aria-required=\"true\" aria-invalid=\"false\" value=\"\" type=\"email\" name=\"your-email\" \/><\/span>\n\t\t<\/p>\n\t<\/div>\n\t<div>\n\t\t<p><label>Telefon<\/label><span class=\"wpcf7-form-control-wrap\" data-name=\"tel-448\"><input size=\"40\" class=\"wpcf7-form-control wpcf7-text wpcf7-tel wpcf7-validates-as-required wpcf7-validates-as-tel\" aria-required=\"true\" aria-invalid=\"false\" value=\"\" type=\"tel\" name=\"tel-448\" \/><\/span>\n\t\t<\/p>\n\t<\/div>\n\t<div>\n\t\t<p><label>Anreisedatum*<\/label><span class=\"wpcf7-form-control-wrap\" data-name=\"data-arrivo-de\"><input class=\"wpcf7-form-control wpcf7-date wpcf7-validates-as-required wpcf7-validates-as-date\" aria-required=\"true\" aria-invalid=\"false\" value=\"\" type=\"date\" name=\"data-arrivo-de\" \/><\/span>\n\t\t<\/p>\n\t<\/div>\n\t<div>\n\t\t<p><label>Abreisedatum*<\/label><span class=\"wpcf7-form-control-wrap\" data-name=\"data-partenza-de\"><input class=\"wpcf7-form-control wpcf7-date wpcf7-validates-as-required wpcf7-validates-as-date\" aria-required=\"true\" aria-invalid=\"false\" value=\"\" type=\"date\" name=\"data-partenza-de\" \/><\/span>\n\t\t<\/p>\n\t<\/div>\n\t<div>\n\t\t<p><label>Personenzahl*<\/label><span class=\"wpcf7-form-control-wrap\" data-name=\"persone-de\"><input class=\"wpcf7-form-control wpcf7-number wpcf7-validates-as-required wpcf7-validates-as-number\" aria-required=\"true\" aria-invalid=\"false\" value=\"\" type=\"number\" name=\"persone-de\" \/><\/span>\n\t\t<\/p>\n\t<\/div>\n\t<div>\n\t\t<p><label>Zimmerzahl*<\/label><span class=\"wpcf7-form-control-wrap\" data-name=\"camere\"><input class=\"wpcf7-form-control wpcf7-number wpcf7-validates-as-required wpcf7-validates-as-number\" aria-required=\"true\" aria-invalid=\"false\" value=\"\" type=\"number\" name=\"camere\" \/><\/span>\n\t\t<\/p>\n\t<\/div>\n<\/div>\n<div class=\"float50\">\n\t<p><label>Besondere Hinweise<\/label>\n\t<\/p>\n\t<p><span class=\"wpcf7-form-control-wrap\" data-name=\"your-message\"><textarea cols=\"40\" rows=\"10\" class=\"wpcf7-form-control wpcf7-textarea\" aria-invalid=\"false\" name=\"your-message\"><\/textarea><\/span>\n\t<\/p>\n\t<p>[wpgdprc \"Ich bin mit der Verarbeitung personenbezogener Daten einverstanden\"]<br \/>\n<a target=\"_blank\" href=\"http:\/\/www.affittacameresenigallia.it\/privacy-e-cookies\/\">Lesen Sie die Datenschutzrichtlinie - EU DSGVO<\/a><br \/>\n<input class=\"wpcf7-form-control has-spinner wpcf7-submit\" type=\"submit\" value=\"Absenden\" \/>\n\t<\/p>\n\t<p>(*) Pflichtfelder\n\t<\/p>\n<\/div>\n<div class=\"aligncenter\">\n<\/div><div class=\"wpcf7-response-output\" aria-hidden=\"true\"><\/div>\n<\/form>\n<\/div>\n\n<p>&nbsp;<\/p>\n<p>Das G\u00e4stehaus Lanterna Blu befindet sich in Marzocca di Senigallia an der adriatischen K\u00fcste, wenige Schritte vom Meer entfernt, in der via S.S. Adriatica Sud, 132, gegen\u00fcber des Bahnhofs und der Bushaltestelle.<br \/>\nVon Norden erreichbar \u00fcber die Ausfahrt Senigallia, dann f\u00fcr 8 km weiter in Richtung Ancona. Von S\u00fcden erreichbar \u00fcber die Ausfahrt Montemarciano, dann f\u00fcr 8 km weiter in Richtung Senigallia. Vom Flughafen Ancona Falconara 12 km in Richtung Pesaro fahren.<\/p>\n<p>Die Lanterna Blu ist registriert auf der Tourismus-Website der Region Marche: www. Turismo.marche.it<\/p>\n<p>Detaillierte Reisehinweise finden sich auf dieser Stra\u00dfenkarte<\/p>\n<p>Berechnung der individuellen Reiseroute<\/p>\n<p><iframe loading=\"lazy\" style=\"border: 0; width: 100%;\" src=\"https:\/\/www.google.com\/maps\/embed?pb=!1m18!1m12!1m3!1d2885.6212239498673!2d13.28581431532159!3d43.67684685891961!2m3!1f0!2f0!3f0!3m2!1i1024!2i768!4f13.1!3m3!1m2!1s0x132d769521fdcecd%3A0x6ae876f75d898a06!2sAffittacamere+Lanterna+Blu+Di+Quattrini+Anna+%26+C.+Snc!5e0!3m2!1sit!2sit!4v1447427479657\" width=\"595\" height=\"595\" frameborder=\"0\" allowfullscreen=\"allowfullscreen\"><\/iframe><\/p>\n","protected":false},"excerpt":{"rendered":"<p>Kontaktieren Sie uns f\u00fcr Informationen und Reservierungen &nbsp; Das G\u00e4stehaus Lanterna Blu befindet sich in Marzocca di Senigallia an der adriatischen K\u00fcste, wenige Schritte vom Meer entfernt, in der via S.S. Adriatica Sud, 132, gegen\u00fcber des Bahnhofs und der Bushaltestelle. <a class=\"more-link\" href=\"https:\/\/www.affittacameresenigallia.it\/de\/kontakt\/\">Read More &#8230;<\/a><\/p>\n","protected":false},"author":1,"featured_media":771,"parent":0,"menu_order":0,"comment_status":"closed","ping_status":"closed","template":"","meta":[],"acf":[],"yoast_head":"<!-- This site is optimized with the Yoast SEO plugin v21.1 - https:\/\/yoast.com\/wordpress\/plugins\/seo\/ -->\n<title>Kontakt - Lanterna Blu<\/title>\n<meta name=\"robots\" content=\"index, follow, max-snippet:-1, max-image-preview:large, max-video-preview:-1\" \/>\n<link rel=\"canonical\" href=\"https:\/\/www.affittacameresenigallia.it\/de\/kontakt\/\" \/>\n<meta property=\"og:locale\" content=\"de_DE\" \/>\n<meta property=\"og:type\" content=\"article\" \/>\n<meta property=\"og:title\" content=\"Kontakt - Lanterna Blu\" \/>\n<meta property=\"og:description\" content=\"Kontaktieren Sie uns f\u00fcr Informationen und Reservierungen &nbsp; Das G\u00e4stehaus Lanterna Blu befindet sich in Marzocca di Senigallia an der adriatischen K\u00fcste, wenige Schritte vom Meer entfernt, in der via S.S. Adriatica Sud, 132, gegen\u00fcber des Bahnhofs und der Bushaltestelle. Read More ...\" \/>\n<meta property=\"og:url\" content=\"https:\/\/www.affittacameresenigallia.it\/de\/kontakt\/\" \/>\n<meta property=\"og:site_name\" content=\"Lanterna Blu\" \/>\n<meta property=\"article:modified_time\" content=\"2020-12-30T11:34:33+00:00\" \/>\n<meta property=\"og:image\" content=\"https:\/\/www.affittacameresenigallia.it\/wp-content\/uploads\/cancello.jpg\" \/>\n\t<meta property=\"og:image:width\" content=\"1680\" \/>\n\t<meta property=\"og:image:height\" content=\"720\" \/>\n\t<meta property=\"og:image:type\" content=\"image\/jpeg\" \/>\n<meta name=\"twitter:label1\" content=\"Gesch\u00e4tzte Lesezeit\" \/>\n\t<meta name=\"twitter:data1\" content=\"1\u00a0Minute\" \/>\n<script type=\"application\/ld+json\" class=\"yoast-schema-graph\">{\"@context\":\"https:\/\/schema.org\",\"@graph\":[{\"@type\":\"WebPage\",\"@id\":\"https:\/\/www.affittacameresenigallia.it\/de\/kontakt\/\",\"url\":\"https:\/\/www.affittacameresenigallia.it\/de\/kontakt\/\",\"name\":\"Kontakt - Lanterna Blu\",\"isPartOf\":{\"@id\":\"https:\/\/www.affittacameresenigallia.it\/de\/#website\"},\"datePublished\":\"2017-02-01T12:59:31+00:00\",\"dateModified\":\"2020-12-30T11:34:33+00:00\",\"breadcrumb\":{\"@id\":\"https:\/\/www.affittacameresenigallia.it\/de\/kontakt\/#breadcrumb\"},\"inLanguage\":\"de\",\"potentialAction\":[{\"@type\":\"ReadAction\",\"target\":[\"https:\/\/www.affittacameresenigallia.it\/de\/kontakt\/\"]}]},{\"@type\":\"BreadcrumbList\",\"@id\":\"https:\/\/www.affittacameresenigallia.it\/de\/kontakt\/#breadcrumb\",\"itemListElement\":[{\"@type\":\"ListItem\",\"position\":1,\"name\":\"Home\",\"item\":\"https:\/\/www.affittacameresenigallia.it\/de\/\"},{\"@type\":\"ListItem\",\"position\":2,\"name\":\"Kontakt\"}]},{\"@type\":\"WebSite\",\"@id\":\"https:\/\/www.affittacameresenigallia.it\/de\/#website\",\"url\":\"https:\/\/www.affittacameresenigallia.it\/de\/\",\"name\":\"Lanterna Blu\",\"description\":\"Affittacamere Marzocca di Senigallia\",\"publisher\":{\"@id\":\"https:\/\/www.affittacameresenigallia.it\/de\/#organization\"},\"potentialAction\":[{\"@type\":\"SearchAction\",\"target\":{\"@type\":\"EntryPoint\",\"urlTemplate\":\"https:\/\/www.affittacameresenigallia.it\/de\/?s={search_term_string}\"},\"query-input\":\"required name=search_term_string\"}],\"inLanguage\":\"de\"},{\"@type\":\"Organization\",\"@id\":\"https:\/\/www.affittacameresenigallia.it\/de\/#organization\",\"name\":\"lanterna Blu\",\"url\":\"https:\/\/www.affittacameresenigallia.it\/de\/\",\"logo\":{\"@type\":\"ImageObject\",\"inLanguage\":\"de\",\"@id\":\"https:\/\/www.affittacameresenigallia.it\/de\/#\/schema\/logo\/image\/\",\"url\":\"https:\/\/www.affittacameresenigallia.it\/wp-content\/uploads\/cropped-favicon.png\",\"contentUrl\":\"https:\/\/www.affittacameresenigallia.it\/wp-content\/uploads\/cropped-favicon.png\",\"width\":512,\"height\":512,\"caption\":\"lanterna Blu\"},\"image\":{\"@id\":\"https:\/\/www.affittacameresenigallia.it\/de\/#\/schema\/logo\/image\/\"},\"sameAs\":[\"https:\/\/www.instagram.com\/lanternablu_senigallia\/\"]}]}<\/script>\n<!-- \/ Yoast SEO plugin. -->","yoast_head_json":{"title":"Kontakt - Lanterna Blu","robots":{"index":"index","follow":"follow","max-snippet":"max-snippet:-1","max-image-preview":"max-image-preview:large","max-video-preview":"max-video-preview:-1"},"canonical":"https:\/\/www.affittacameresenigallia.it\/de\/kontakt\/","og_locale":"de_DE","og_type":"article","og_title":"Kontakt - Lanterna Blu","og_description":"Kontaktieren Sie uns f\u00fcr Informationen und Reservierungen &nbsp; Das G\u00e4stehaus Lanterna Blu befindet sich in Marzocca di Senigallia an der adriatischen K\u00fcste, wenige Schritte vom Meer entfernt, in der via S.S. Adriatica Sud, 132, gegen\u00fcber des Bahnhofs und der Bushaltestelle. Read More ...","og_url":"https:\/\/www.affittacameresenigallia.it\/de\/kontakt\/","og_site_name":"Lanterna Blu","article_modified_time":"2020-12-30T11:34:33+00:00","og_image":[{"width":1680,"height":720,"url":"https:\/\/www.affittacameresenigallia.it\/wp-content\/uploads\/cancello.jpg","type":"image\/jpeg"}],"twitter_misc":{"Gesch\u00e4tzte Lesezeit":"1\u00a0Minute"},"schema":{"@context":"https:\/\/schema.org","@graph":[{"@type":"WebPage","@id":"https:\/\/www.affittacameresenigallia.it\/de\/kontakt\/","url":"https:\/\/www.affittacameresenigallia.it\/de\/kontakt\/","name":"Kontakt - Lanterna Blu","isPartOf":{"@id":"https:\/\/www.affittacameresenigallia.it\/de\/#website"},"datePublished":"2017-02-01T12:59:31+00:00","dateModified":"2020-12-30T11:34:33+00:00","breadcrumb":{"@id":"https:\/\/www.affittacameresenigallia.it\/de\/kontakt\/#breadcrumb"},"inLanguage":"de","potentialAction":[{"@type":"ReadAction","target":["https:\/\/www.affittacameresenigallia.it\/de\/kontakt\/"]}]},{"@type":"BreadcrumbList","@id":"https:\/\/www.affittacameresenigallia.it\/de\/kontakt\/#breadcrumb","itemListElement":[{"@type":"ListItem","position":1,"name":"Home","item":"https:\/\/www.affittacameresenigallia.it\/de\/"},{"@type":"ListItem","position":2,"name":"Kontakt"}]},{"@type":"WebSite","@id":"https:\/\/www.affittacameresenigallia.it\/de\/#website","url":"https:\/\/www.affittacameresenigallia.it\/de\/","name":"Lanterna Blu","description":"Affittacamere Marzocca di Senigallia","publisher":{"@id":"https:\/\/www.affittacameresenigallia.it\/de\/#organization"},"potentialAction":[{"@type":"SearchAction","target":{"@type":"EntryPoint","urlTemplate":"https:\/\/www.affittacameresenigallia.it\/de\/?s={search_term_string}"},"query-input":"required name=search_term_string"}],"inLanguage":"de"},{"@type":"Organization","@id":"https:\/\/www.affittacameresenigallia.it\/de\/#organization","name":"lanterna Blu","url":"https:\/\/www.affittacameresenigallia.it\/de\/","logo":{"@type":"ImageObject","inLanguage":"de","@id":"https:\/\/www.affittacameresenigallia.it\/de\/#\/schema\/logo\/image\/","url":"https:\/\/www.affittacameresenigallia.it\/wp-content\/uploads\/cropped-favicon.png","contentUrl":"https:\/\/www.affittacameresenigallia.it\/wp-content\/uploads\/cropped-favicon.png","width":512,"height":512,"caption":"lanterna Blu"},"image":{"@id":"https:\/\/www.affittacameresenigallia.it\/de\/#\/schema\/logo\/image\/"},"sameAs":["https:\/\/www.instagram.com\/lanternablu_senigallia\/"]}]}},"_links":{"self":[{"href":"https:\/\/www.affittacameresenigallia.it\/de\/wp-json\/wp\/v2\/pages\/558"}],"collection":[{"href":"https:\/\/www.affittacameresenigallia.it\/de\/wp-json\/wp\/v2\/pages"}],"about":[{"href":"https:\/\/www.affittacameresenigallia.it\/de\/wp-json\/wp\/v2\/types\/page"}],"author":[{"embeddable":true,"href":"https:\/\/www.affittacameresenigallia.it\/de\/wp-json\/wp\/v2\/users\/1"}],"replies":[{"embeddable":true,"href":"https:\/\/www.affittacameresenigallia.it\/de\/wp-json\/wp\/v2\/comments?post=558"}],"version-history":[{"count":7,"href":"https:\/\/www.affittacameresenigallia.it\/de\/wp-json\/wp\/v2\/pages\/558\/revisions"}],"predecessor-version":[{"id":1624,"href":"https:\/\/www.affittacameresenigallia.it\/de\/wp-json\/wp\/v2\/pages\/558\/revisions\/1624"}],"wp:featuredmedia":[{"embeddable":true,"href":"https:\/\/www.affittacameresenigallia.it\/de\/wp-json\/wp\/v2\/media\/771"}],"wp:attachment":[{"href":"https:\/\/www.affittacameresenigallia.it\/de\/wp-json\/wp\/v2\/media?parent=558"}],"curies":[{"name":"wp","href":"https:\/\/api.w.org\/{rel}","templated":true}]}}