{"id":633,"date":"2017-02-18T09:36:49","date_gmt":"2017-02-18T08:36:49","guid":{"rendered":"http:\/\/www.affittacameresenigallia.it\/?page_id=633\/"},"modified":"2018-01-18T13:57:24","modified_gmt":"2018-01-18T12:57:24","slug":"gusta-il-territorio","status":"publish","type":"page","link":"https:\/\/www.affittacameresenigallia.it\/de\/pacchetti\/gusta-il-territorio\/","title":{"rendered":"Kulinarische Gen\u00fcsse"},"content":{"rendered":"<p>Das dem Hotel Lanterna Blu angegliederte Restaurant Statale Sedici bietet einen privilegierten Ausgangspunkt f\u00fcr eine kulinarische Genussreise durch die traditionelle K\u00fcche der Marchen.<\/p>\n<p>Nur wenige Schritte entfernt bieten die pr\u00e4mierten K\u00f6che <a href=\"http:\/\/www.morenocedroni.it\/la-madonnina-del-pescatore\/il-locale\/\" target=\"_blank\">Moreno Cedroni<\/a> und <a href=\"http:\/\/www.uliassi.it\/\" target=\"_blank\">Mauro Uliassi<\/a> exzellente italienische K\u00fcche und herausragende Weine aus der <a href=\"http:\/\/www.lacrimagiusti.it\/\" target=\"_blank\">Kellerei Giusti<\/a>.<\/p>\n<blockquote><p>Genie\u00dfen Sie eine extraordin\u00e4re gastronomische Reise vom Meer mit seinen Fischspezialit\u00e4ten bis zu den H\u00fcgeln mit seinen international ber\u00fchmten Weinreben.<\/p><\/blockquote>\n","protected":false},"excerpt":{"rendered":"<p>Das dem Hotel Lanterna Blu angegliederte Restaurant Statale Sedici bietet einen privilegierten Ausgangspunkt f\u00fcr eine kulinarische Genussreise durch die traditionelle K\u00fcche der Marchen. Nur wenige Schritte entfernt bieten die pr\u00e4mierten K\u00f6che Moreno Cedroni und Mauro Uliassi exzellente italienische K\u00fcche und <a class=\"more-link\" href=\"https:\/\/www.affittacameresenigallia.it\/de\/pacchetti\/gusta-il-territorio\/\">Read More &#8230;<\/a><\/p>\n","protected":false},"author":1,"featured_media":1233,"parent":561,"menu_order":0,"comment_status":"closed","ping_status":"closed","template":"","meta":[],"acf":[],"yoast_head":"<!-- This site is optimized with the Yoast SEO plugin v21.1 - https:\/\/yoast.com\/wordpress\/plugins\/seo\/ -->\n<title>Kulinarische Gen\u00fcsse - Lanterna Blu<\/title>\n<meta name=\"robots\" content=\"index, follow, max-snippet:-1, max-image-preview:large, max-video-preview:-1\" \/>\n<link rel=\"canonical\" href=\"https:\/\/www.affittacameresenigallia.it\/de\/pacchetti\/gusta-il-territorio\/\" \/>\n<meta property=\"og:locale\" content=\"de_DE\" \/>\n<meta property=\"og:type\" content=\"article\" \/>\n<meta property=\"og:title\" content=\"Kulinarische Gen\u00fcsse - Lanterna Blu\" \/>\n<meta property=\"og:description\" content=\"Das dem Hotel Lanterna Blu angegliederte Restaurant Statale Sedici bietet einen privilegierten Ausgangspunkt f\u00fcr eine kulinarische Genussreise durch die traditionelle K\u00fcche der Marchen. Nur wenige Schritte entfernt bieten die pr\u00e4mierten K\u00f6che Moreno Cedroni und Mauro Uliassi exzellente italienische K\u00fcche und Read More ...\" \/>\n<meta property=\"og:url\" content=\"https:\/\/www.affittacameresenigallia.it\/de\/pacchetti\/gusta-il-territorio\/\" \/>\n<meta property=\"og:site_name\" content=\"Lanterna Blu\" \/>\n<meta property=\"article:modified_time\" content=\"2018-01-18T12:57:24+00:00\" \/>\n<meta property=\"og:image\" content=\"https:\/\/www.affittacameresenigallia.it\/wp-content\/uploads\/enogastronomia.jpg\" \/>\n\t<meta property=\"og:image:width\" content=\"1200\" \/>\n\t<meta property=\"og:image:height\" content=\"1043\" \/>\n\t<meta property=\"og:image:type\" content=\"image\/jpeg\" \/>\n<script type=\"application\/ld+json\" class=\"yoast-schema-graph\">{\"@context\":\"https:\/\/schema.org\",\"@graph\":[{\"@type\":\"WebPage\",\"@id\":\"https:\/\/www.affittacameresenigallia.it\/de\/pacchetti\/gusta-il-territorio\/\",\"url\":\"https:\/\/www.affittacameresenigallia.it\/de\/pacchetti\/gusta-il-territorio\/\",\"name\":\"Kulinarische Gen\u00fcsse - Lanterna Blu\",\"isPartOf\":{\"@id\":\"https:\/\/www.affittacameresenigallia.it\/de\/#website\"},\"datePublished\":\"2017-02-18T08:36:49+00:00\",\"dateModified\":\"2018-01-18T12:57:24+00:00\",\"breadcrumb\":{\"@id\":\"https:\/\/www.affittacameresenigallia.it\/de\/pacchetti\/gusta-il-territorio\/#breadcrumb\"},\"inLanguage\":\"de\",\"potentialAction\":[{\"@type\":\"ReadAction\",\"target\":[\"https:\/\/www.affittacameresenigallia.it\/de\/pacchetti\/gusta-il-territorio\/\"]}]},{\"@type\":\"BreadcrumbList\",\"@id\":\"https:\/\/www.affittacameresenigallia.it\/de\/pacchetti\/gusta-il-territorio\/#breadcrumb\",\"itemListElement\":[{\"@type\":\"ListItem\",\"position\":1,\"name\":\"Home\",\"item\":\"https:\/\/www.affittacameresenigallia.it\/de\/\"},{\"@type\":\"ListItem\",\"position\":2,\"name\":\"Pacchetti\",\"item\":\"https:\/\/www.affittacameresenigallia.it\/de\/pacchetti\/\"},{\"@type\":\"ListItem\",\"position\":3,\"name\":\"Kulinarische Gen\u00fcsse\"}]},{\"@type\":\"WebSite\",\"@id\":\"https:\/\/www.affittacameresenigallia.it\/de\/#website\",\"url\":\"https:\/\/www.affittacameresenigallia.it\/de\/\",\"name\":\"Lanterna Blu\",\"description\":\"Affittacamere Marzocca di Senigallia\",\"publisher\":{\"@id\":\"https:\/\/www.affittacameresenigallia.it\/de\/#organization\"},\"potentialAction\":[{\"@type\":\"SearchAction\",\"target\":{\"@type\":\"EntryPoint\",\"urlTemplate\":\"https:\/\/www.affittacameresenigallia.it\/de\/?s={search_term_string}\"},\"query-input\":\"required name=search_term_string\"}],\"inLanguage\":\"de\"},{\"@type\":\"Organization\",\"@id\":\"https:\/\/www.affittacameresenigallia.it\/de\/#organization\",\"name\":\"lanterna Blu\",\"url\":\"https:\/\/www.affittacameresenigallia.it\/de\/\",\"logo\":{\"@type\":\"ImageObject\",\"inLanguage\":\"de\",\"@id\":\"https:\/\/www.affittacameresenigallia.it\/de\/#\/schema\/logo\/image\/\",\"url\":\"https:\/\/www.affittacameresenigallia.it\/wp-content\/uploads\/cropped-favicon.png\",\"contentUrl\":\"https:\/\/www.affittacameresenigallia.it\/wp-content\/uploads\/cropped-favicon.png\",\"width\":512,\"height\":512,\"caption\":\"lanterna Blu\"},\"image\":{\"@id\":\"https:\/\/www.affittacameresenigallia.it\/de\/#\/schema\/logo\/image\/\"},\"sameAs\":[\"https:\/\/www.instagram.com\/lanternablu_senigallia\/\"]}]}<\/script>\n<!-- \/ Yoast SEO plugin. -->","yoast_head_json":{"title":"Kulinarische Gen\u00fcsse - Lanterna Blu","robots":{"index":"index","follow":"follow","max-snippet":"max-snippet:-1","max-image-preview":"max-image-preview:large","max-video-preview":"max-video-preview:-1"},"canonical":"https:\/\/www.affittacameresenigallia.it\/de\/pacchetti\/gusta-il-territorio\/","og_locale":"de_DE","og_type":"article","og_title":"Kulinarische Gen\u00fcsse - Lanterna Blu","og_description":"Das dem Hotel Lanterna Blu angegliederte Restaurant Statale Sedici bietet einen privilegierten Ausgangspunkt f\u00fcr eine kulinarische Genussreise durch die traditionelle K\u00fcche der Marchen. Nur wenige Schritte entfernt bieten die pr\u00e4mierten K\u00f6che Moreno Cedroni und Mauro Uliassi exzellente italienische K\u00fcche und Read More ...","og_url":"https:\/\/www.affittacameresenigallia.it\/de\/pacchetti\/gusta-il-territorio\/","og_site_name":"Lanterna Blu","article_modified_time":"2018-01-18T12:57:24+00:00","og_image":[{"width":1200,"height":1043,"url":"https:\/\/www.affittacameresenigallia.it\/wp-content\/uploads\/enogastronomia.jpg","type":"image\/jpeg"}],"schema":{"@context":"https:\/\/schema.org","@graph":[{"@type":"WebPage","@id":"https:\/\/www.affittacameresenigallia.it\/de\/pacchetti\/gusta-il-territorio\/","url":"https:\/\/www.affittacameresenigallia.it\/de\/pacchetti\/gusta-il-territorio\/","name":"Kulinarische Gen\u00fcsse - Lanterna Blu","isPartOf":{"@id":"https:\/\/www.affittacameresenigallia.it\/de\/#website"},"datePublished":"2017-02-18T08:36:49+00:00","dateModified":"2018-01-18T12:57:24+00:00","breadcrumb":{"@id":"https:\/\/www.affittacameresenigallia.it\/de\/pacchetti\/gusta-il-territorio\/#breadcrumb"},"inLanguage":"de","potentialAction":[{"@type":"ReadAction","target":["https:\/\/www.affittacameresenigallia.it\/de\/pacchetti\/gusta-il-territorio\/"]}]},{"@type":"BreadcrumbList","@id":"https:\/\/www.affittacameresenigallia.it\/de\/pacchetti\/gusta-il-territorio\/#breadcrumb","itemListElement":[{"@type":"ListItem","position":1,"name":"Home","item":"https:\/\/www.affittacameresenigallia.it\/de\/"},{"@type":"ListItem","position":2,"name":"Pacchetti","item":"https:\/\/www.affittacameresenigallia.it\/de\/pacchetti\/"},{"@type":"ListItem","position":3,"name":"Kulinarische Gen\u00fcsse"}]},{"@type":"WebSite","@id":"https:\/\/www.affittacameresenigallia.it\/de\/#website","url":"https:\/\/www.affittacameresenigallia.it\/de\/","name":"Lanterna Blu","description":"Affittacamere Marzocca di Senigallia","publisher":{"@id":"https:\/\/www.affittacameresenigallia.it\/de\/#organization"},"potentialAction":[{"@type":"SearchAction","target":{"@type":"EntryPoint","urlTemplate":"https:\/\/www.affittacameresenigallia.it\/de\/?s={search_term_string}"},"query-input":"required name=search_term_string"}],"inLanguage":"de"},{"@type":"Organization","@id":"https:\/\/www.affittacameresenigallia.it\/de\/#organization","name":"lanterna Blu","url":"https:\/\/www.affittacameresenigallia.it\/de\/","logo":{"@type":"ImageObject","inLanguage":"de","@id":"https:\/\/www.affittacameresenigallia.it\/de\/#\/schema\/logo\/image\/","url":"https:\/\/www.affittacameresenigallia.it\/wp-content\/uploads\/cropped-favicon.png","contentUrl":"https:\/\/www.affittacameresenigallia.it\/wp-content\/uploads\/cropped-favicon.png","width":512,"height":512,"caption":"lanterna Blu"},"image":{"@id":"https:\/\/www.affittacameresenigallia.it\/de\/#\/schema\/logo\/image\/"},"sameAs":["https:\/\/www.instagram.com\/lanternablu_senigallia\/"]}]}},"_links":{"self":[{"href":"https:\/\/www.affittacameresenigallia.it\/de\/wp-json\/wp\/v2\/pages\/633"}],"collection":[{"href":"https:\/\/www.affittacameresenigallia.it\/de\/wp-json\/wp\/v2\/pages"}],"about":[{"href":"https:\/\/www.affittacameresenigallia.it\/de\/wp-json\/wp\/v2\/types\/page"}],"author":[{"embeddable":true,"href":"https:\/\/www.affittacameresenigallia.it\/de\/wp-json\/wp\/v2\/users\/1"}],"replies":[{"embeddable":true,"href":"https:\/\/www.affittacameresenigallia.it\/de\/wp-json\/wp\/v2\/comments?post=633"}],"version-history":[{"count":1,"href":"https:\/\/www.affittacameresenigallia.it\/de\/wp-json\/wp\/v2\/pages\/633\/revisions"}],"predecessor-version":[{"id":640,"href":"https:\/\/www.affittacameresenigallia.it\/de\/wp-json\/wp\/v2\/pages\/633\/revisions\/640"}],"up":[{"embeddable":true,"href":"https:\/\/www.affittacameresenigallia.it\/de\/wp-json\/wp\/v2\/pages\/561"}],"wp:featuredmedia":[{"embeddable":true,"href":"https:\/\/www.affittacameresenigallia.it\/de\/wp-json\/wp\/v2\/media\/1233"}],"wp:attachment":[{"href":"https:\/\/www.affittacameresenigallia.it\/de\/wp-json\/wp\/v2\/media?parent=633"}],"curies":[{"name":"wp","href":"https:\/\/api.w.org\/{rel}","templated":true}]}}