{"id":647,"date":"2017-02-18T09:41:13","date_gmt":"2017-02-18T08:41:13","guid":{"rendered":"http:\/\/www.affittacameresenigallia.it\/?page_id=647\/"},"modified":"2018-01-18T13:35:38","modified_gmt":"2018-01-18T12:35:38","slug":"ans-meer-mit-dem-hund","status":"publish","type":"page","link":"https:\/\/www.affittacameresenigallia.it\/de\/pacchetti\/ans-meer-mit-dem-hund\/","title":{"rendered":"Ans Meer mit dem Hund"},"content":{"rendered":"<h3>Bringt eure vierbeinigen Freunde mit in den Urlaub!<\/h3>\n<p>Dank dem Hundestrand <a href=\"http:\/\/www.scoobydoobeach.it\/\" target=\"_blank\" rel=\"noopener\">Scooby Doo<\/a> und der Hundepension Pet Village k\u00f6nnen unsere G\u00e4ste gerne ihre Haustiere mitbringen und gemeinsam mit ihnen den Sommer am Meer genie\u00dfen.<\/p>\n<p>Lasst euren Hund nicht zu Hause, sondern bringt ihn mit in den Urlaub.<\/p>\n","protected":false},"excerpt":{"rendered":"<p>Bringt eure vierbeinigen Freunde mit in den Urlaub! Dank dem Hundestrand Scooby Doo und der Hundepension Pet Village k\u00f6nnen unsere G\u00e4ste gerne ihre Haustiere mitbringen und gemeinsam mit ihnen den Sommer am Meer genie\u00dfen. Lasst euren Hund nicht zu Hause, <a class=\"more-link\" href=\"https:\/\/www.affittacameresenigallia.it\/de\/pacchetti\/ans-meer-mit-dem-hund\/\">Read More &#8230;<\/a><\/p>\n","protected":false},"author":1,"featured_media":1231,"parent":561,"menu_order":0,"comment_status":"closed","ping_status":"closed","template":"","meta":[],"acf":[],"yoast_head":"<!-- This site is optimized with the Yoast SEO plugin v21.1 - https:\/\/yoast.com\/wordpress\/plugins\/seo\/ -->\n<title>Ans Meer mit dem Hund - Lanterna Blu<\/title>\n<meta name=\"robots\" content=\"index, follow, max-snippet:-1, max-image-preview:large, max-video-preview:-1\" \/>\n<link rel=\"canonical\" href=\"https:\/\/www.affittacameresenigallia.it\/de\/pacchetti\/ans-meer-mit-dem-hund\/\" \/>\n<meta property=\"og:locale\" content=\"de_DE\" \/>\n<meta property=\"og:type\" content=\"article\" \/>\n<meta property=\"og:title\" content=\"Ans Meer mit dem Hund - Lanterna Blu\" \/>\n<meta property=\"og:description\" content=\"Bringt eure vierbeinigen Freunde mit in den Urlaub! Dank dem Hundestrand Scooby Doo und der Hundepension Pet Village k\u00f6nnen unsere G\u00e4ste gerne ihre Haustiere mitbringen und gemeinsam mit ihnen den Sommer am Meer genie\u00dfen. Lasst euren Hund nicht zu Hause, Read More ...\" \/>\n<meta property=\"og:url\" content=\"https:\/\/www.affittacameresenigallia.it\/de\/pacchetti\/ans-meer-mit-dem-hund\/\" \/>\n<meta property=\"og:site_name\" content=\"Lanterna Blu\" \/>\n<meta property=\"article:modified_time\" content=\"2018-01-18T12:35:38+00:00\" \/>\n<meta property=\"og:image\" content=\"https:\/\/www.affittacameresenigallia.it\/wp-content\/uploads\/dog-sea1.jpg\" \/>\n\t<meta property=\"og:image:width\" content=\"1500\" \/>\n\t<meta property=\"og:image:height\" content=\"905\" \/>\n\t<meta property=\"og:image:type\" content=\"image\/jpeg\" \/>\n<script type=\"application\/ld+json\" class=\"yoast-schema-graph\">{\"@context\":\"https:\/\/schema.org\",\"@graph\":[{\"@type\":\"WebPage\",\"@id\":\"https:\/\/www.affittacameresenigallia.it\/de\/pacchetti\/ans-meer-mit-dem-hund\/\",\"url\":\"https:\/\/www.affittacameresenigallia.it\/de\/pacchetti\/ans-meer-mit-dem-hund\/\",\"name\":\"Ans Meer mit dem Hund - Lanterna Blu\",\"isPartOf\":{\"@id\":\"https:\/\/www.affittacameresenigallia.it\/de\/#website\"},\"datePublished\":\"2017-02-18T08:41:13+00:00\",\"dateModified\":\"2018-01-18T12:35:38+00:00\",\"breadcrumb\":{\"@id\":\"https:\/\/www.affittacameresenigallia.it\/de\/pacchetti\/ans-meer-mit-dem-hund\/#breadcrumb\"},\"inLanguage\":\"de\",\"potentialAction\":[{\"@type\":\"ReadAction\",\"target\":[\"https:\/\/www.affittacameresenigallia.it\/de\/pacchetti\/ans-meer-mit-dem-hund\/\"]}]},{\"@type\":\"BreadcrumbList\",\"@id\":\"https:\/\/www.affittacameresenigallia.it\/de\/pacchetti\/ans-meer-mit-dem-hund\/#breadcrumb\",\"itemListElement\":[{\"@type\":\"ListItem\",\"position\":1,\"name\":\"Home\",\"item\":\"https:\/\/www.affittacameresenigallia.it\/de\/\"},{\"@type\":\"ListItem\",\"position\":2,\"name\":\"Pacchetti\",\"item\":\"https:\/\/www.affittacameresenigallia.it\/de\/pacchetti\/\"},{\"@type\":\"ListItem\",\"position\":3,\"name\":\"Ans Meer mit dem Hund\"}]},{\"@type\":\"WebSite\",\"@id\":\"https:\/\/www.affittacameresenigallia.it\/de\/#website\",\"url\":\"https:\/\/www.affittacameresenigallia.it\/de\/\",\"name\":\"Lanterna Blu\",\"description\":\"Affittacamere Marzocca di Senigallia\",\"publisher\":{\"@id\":\"https:\/\/www.affittacameresenigallia.it\/de\/#organization\"},\"potentialAction\":[{\"@type\":\"SearchAction\",\"target\":{\"@type\":\"EntryPoint\",\"urlTemplate\":\"https:\/\/www.affittacameresenigallia.it\/de\/?s={search_term_string}\"},\"query-input\":\"required name=search_term_string\"}],\"inLanguage\":\"de\"},{\"@type\":\"Organization\",\"@id\":\"https:\/\/www.affittacameresenigallia.it\/de\/#organization\",\"name\":\"lanterna Blu\",\"url\":\"https:\/\/www.affittacameresenigallia.it\/de\/\",\"logo\":{\"@type\":\"ImageObject\",\"inLanguage\":\"de\",\"@id\":\"https:\/\/www.affittacameresenigallia.it\/de\/#\/schema\/logo\/image\/\",\"url\":\"https:\/\/www.affittacameresenigallia.it\/wp-content\/uploads\/cropped-favicon.png\",\"contentUrl\":\"https:\/\/www.affittacameresenigallia.it\/wp-content\/uploads\/cropped-favicon.png\",\"width\":512,\"height\":512,\"caption\":\"lanterna Blu\"},\"image\":{\"@id\":\"https:\/\/www.affittacameresenigallia.it\/de\/#\/schema\/logo\/image\/\"},\"sameAs\":[\"https:\/\/www.instagram.com\/lanternablu_senigallia\/\"]}]}<\/script>\n<!-- \/ Yoast SEO plugin. -->","yoast_head_json":{"title":"Ans Meer mit dem Hund - Lanterna Blu","robots":{"index":"index","follow":"follow","max-snippet":"max-snippet:-1","max-image-preview":"max-image-preview:large","max-video-preview":"max-video-preview:-1"},"canonical":"https:\/\/www.affittacameresenigallia.it\/de\/pacchetti\/ans-meer-mit-dem-hund\/","og_locale":"de_DE","og_type":"article","og_title":"Ans Meer mit dem Hund - Lanterna Blu","og_description":"Bringt eure vierbeinigen Freunde mit in den Urlaub! Dank dem Hundestrand Scooby Doo und der Hundepension Pet Village k\u00f6nnen unsere G\u00e4ste gerne ihre Haustiere mitbringen und gemeinsam mit ihnen den Sommer am Meer genie\u00dfen. Lasst euren Hund nicht zu Hause, Read More ...","og_url":"https:\/\/www.affittacameresenigallia.it\/de\/pacchetti\/ans-meer-mit-dem-hund\/","og_site_name":"Lanterna Blu","article_modified_time":"2018-01-18T12:35:38+00:00","og_image":[{"width":1500,"height":905,"url":"https:\/\/www.affittacameresenigallia.it\/wp-content\/uploads\/dog-sea1.jpg","type":"image\/jpeg"}],"schema":{"@context":"https:\/\/schema.org","@graph":[{"@type":"WebPage","@id":"https:\/\/www.affittacameresenigallia.it\/de\/pacchetti\/ans-meer-mit-dem-hund\/","url":"https:\/\/www.affittacameresenigallia.it\/de\/pacchetti\/ans-meer-mit-dem-hund\/","name":"Ans Meer mit dem Hund - Lanterna Blu","isPartOf":{"@id":"https:\/\/www.affittacameresenigallia.it\/de\/#website"},"datePublished":"2017-02-18T08:41:13+00:00","dateModified":"2018-01-18T12:35:38+00:00","breadcrumb":{"@id":"https:\/\/www.affittacameresenigallia.it\/de\/pacchetti\/ans-meer-mit-dem-hund\/#breadcrumb"},"inLanguage":"de","potentialAction":[{"@type":"ReadAction","target":["https:\/\/www.affittacameresenigallia.it\/de\/pacchetti\/ans-meer-mit-dem-hund\/"]}]},{"@type":"BreadcrumbList","@id":"https:\/\/www.affittacameresenigallia.it\/de\/pacchetti\/ans-meer-mit-dem-hund\/#breadcrumb","itemListElement":[{"@type":"ListItem","position":1,"name":"Home","item":"https:\/\/www.affittacameresenigallia.it\/de\/"},{"@type":"ListItem","position":2,"name":"Pacchetti","item":"https:\/\/www.affittacameresenigallia.it\/de\/pacchetti\/"},{"@type":"ListItem","position":3,"name":"Ans Meer mit dem Hund"}]},{"@type":"WebSite","@id":"https:\/\/www.affittacameresenigallia.it\/de\/#website","url":"https:\/\/www.affittacameresenigallia.it\/de\/","name":"Lanterna Blu","description":"Affittacamere Marzocca di Senigallia","publisher":{"@id":"https:\/\/www.affittacameresenigallia.it\/de\/#organization"},"potentialAction":[{"@type":"SearchAction","target":{"@type":"EntryPoint","urlTemplate":"https:\/\/www.affittacameresenigallia.it\/de\/?s={search_term_string}"},"query-input":"required name=search_term_string"}],"inLanguage":"de"},{"@type":"Organization","@id":"https:\/\/www.affittacameresenigallia.it\/de\/#organization","name":"lanterna Blu","url":"https:\/\/www.affittacameresenigallia.it\/de\/","logo":{"@type":"ImageObject","inLanguage":"de","@id":"https:\/\/www.affittacameresenigallia.it\/de\/#\/schema\/logo\/image\/","url":"https:\/\/www.affittacameresenigallia.it\/wp-content\/uploads\/cropped-favicon.png","contentUrl":"https:\/\/www.affittacameresenigallia.it\/wp-content\/uploads\/cropped-favicon.png","width":512,"height":512,"caption":"lanterna Blu"},"image":{"@id":"https:\/\/www.affittacameresenigallia.it\/de\/#\/schema\/logo\/image\/"},"sameAs":["https:\/\/www.instagram.com\/lanternablu_senigallia\/"]}]}},"_links":{"self":[{"href":"https:\/\/www.affittacameresenigallia.it\/de\/wp-json\/wp\/v2\/pages\/647"}],"collection":[{"href":"https:\/\/www.affittacameresenigallia.it\/de\/wp-json\/wp\/v2\/pages"}],"about":[{"href":"https:\/\/www.affittacameresenigallia.it\/de\/wp-json\/wp\/v2\/types\/page"}],"author":[{"embeddable":true,"href":"https:\/\/www.affittacameresenigallia.it\/de\/wp-json\/wp\/v2\/users\/1"}],"replies":[{"embeddable":true,"href":"https:\/\/www.affittacameresenigallia.it\/de\/wp-json\/wp\/v2\/comments?post=647"}],"version-history":[{"count":2,"href":"https:\/\/www.affittacameresenigallia.it\/de\/wp-json\/wp\/v2\/pages\/647\/revisions"}],"predecessor-version":[{"id":782,"href":"https:\/\/www.affittacameresenigallia.it\/de\/wp-json\/wp\/v2\/pages\/647\/revisions\/782"}],"up":[{"embeddable":true,"href":"https:\/\/www.affittacameresenigallia.it\/de\/wp-json\/wp\/v2\/pages\/561"}],"wp:featuredmedia":[{"embeddable":true,"href":"https:\/\/www.affittacameresenigallia.it\/de\/wp-json\/wp\/v2\/media\/1231"}],"wp:attachment":[{"href":"https:\/\/www.affittacameresenigallia.it\/de\/wp-json\/wp\/v2\/media?parent=647"}],"curies":[{"name":"wp","href":"https:\/\/api.w.org\/{rel}","templated":true}]}}